{"id":76,"date":"2011-09-08T00:14:40","date_gmt":"2011-09-08T00:14:40","guid":{"rendered":"http:\/\/tampamania.com.br\/site\/?page_id=76"},"modified":"2024-02-12T20:30:30","modified_gmt":"2024-02-12T23:30:30","slug":"contato","status":"publish","type":"page","link":"https:\/\/tampamania.com.br\/site\/contato\/","title":{"rendered":"CONTATO"},"content":{"rendered":"<div class=\"clearfix\">\n<div class=\"half\">\n<h4>Entre em contato conosco atrav\u00e9s do formul\u00e1rio.<\/h4>\n<p>Digite tamb\u00e9m suas d\u00favidas, cr\u00edticas e sugest\u00f5es. Ser\u00e1 um prazer responder.<\/p>\n<p><strong>Email:<\/strong><br \/>\nquerodoar@tampamania.com.br<\/p>\n<p><strong>Telefones:<\/strong><br \/>\n+55 62 8174.2322 (Ademir Silva)<br \/>\n+55 62 3293.4644 (William Marc\u00f3rio)<\/p>\n<p><strong>Se voc\u00ea conhece algu\u00e9m que precisa de nossa ajuda? Cadastre:<\/strong><br \/>\n<a class=\"btn\" href=\"http:\/\/tampamania.com.br\/site\/ficha-de-cadastro-social\/\">FICHA DE CADASTRO SOCIAL<\/a><\/p>\n<\/div>\n<div class=\"half last\">\n<h4>\n<div class=\"wpcf7 no-js\" id=\"wpcf7-f1285-o1\" lang=\"pt-BR\" dir=\"ltr\" data-wpcf7-id=\"1285\">\n<div class=\"screen-reader-response\"><p role=\"status\" aria-live=\"polite\" aria-atomic=\"true\"><\/p> <ul><\/ul><\/div>\n<form action=\"\/site\/wp-json\/wp\/v2\/pages\/76#wpcf7-f1285-o1\" method=\"post\" class=\"wpcf7-form init\" aria-label=\"Formul\u00e1rios de contato\" novalidate=\"novalidate\" data-status=\"init\">\n<fieldset class=\"hidden-fields-container\"><input type=\"hidden\" name=\"_wpcf7\" value=\"1285\" \/><input type=\"hidden\" name=\"_wpcf7_version\" value=\"6.1.5\" \/><input type=\"hidden\" name=\"_wpcf7_locale\" value=\"pt_BR\" \/><input type=\"hidden\" name=\"_wpcf7_unit_tag\" value=\"wpcf7-f1285-o1\" \/><input type=\"hidden\" name=\"_wpcf7_container_post\" value=\"0\" \/><input type=\"hidden\" name=\"_wpcf7_posted_data_hash\" value=\"\" \/>\n<\/fieldset>\n<h3>1. PREENCHA TODOS OS CAMPOS\n<\/h3>\n<div class=\"clearfix\">\n\t<div id=\"left\">\n\t\t<p><span class=\"wpcf7-form-control-wrap\" data-name=\"nome\"><input size=\"40\" maxlength=\"400\" class=\"wpcf7-form-control wpcf7-text wpcf7-validates-as-required\" aria-required=\"true\" aria-invalid=\"false\" placeholder=\"Seu nome completo\" value=\"\" type=\"text\" name=\"nome\" \/><\/span><br \/>\n<span class=\"wpcf7-form-control-wrap\" data-name=\"email\"><input size=\"40\" maxlength=\"400\" class=\"wpcf7-form-control wpcf7-email wpcf7-validates-as-required wpcf7-text wpcf7-validates-as-email\" aria-required=\"true\" aria-invalid=\"false\" placeholder=\"Email\" value=\"\" type=\"email\" name=\"email\" \/><\/span>\n\t\t<\/p>\n\t<\/div>\n\t<div id=\"right\">\n\t\t<p><span class=\"wpcf7-form-control-wrap\" data-name=\"telefone\"><input size=\"40\" maxlength=\"400\" class=\"wpcf7-form-control wpcf7-text wpcf7-validates-as-required\" aria-required=\"true\" aria-invalid=\"false\" placeholder=\"Telefone\" value=\"\" type=\"text\" name=\"telefone\" \/><\/span><br \/>\n<span class=\"wpcf7-form-control-wrap\" data-name=\"assunto\"><input size=\"40\" maxlength=\"400\" class=\"wpcf7-form-control wpcf7-text wpcf7-validates-as-required\" aria-required=\"true\" aria-invalid=\"false\" placeholder=\"Assunto\" value=\"\" type=\"text\" name=\"assunto\" \/><\/span>\n\t\t<\/p>\n\t<\/div>\n<\/div>\n<p><span class=\"wpcf7-form-control-wrap\" data-name=\"mensagem\"><textarea cols=\"40\" rows=\"10\" maxlength=\"2000\" class=\"wpcf7-form-control wpcf7-textarea wpcf7-validates-as-required\" aria-required=\"true\" aria-invalid=\"false\" placeholder=\"Deixe aqui sua mensagem\" name=\"mensagem\"><\/textarea><\/span><br \/>\n<p class=\"cf7ascaptcha\"><input name=\"cf7as_hdn_cpthaval1\" id=\"cf7as_hdn_cpthaval1\" type=\"hidden\" value=\"7\" \/><input name=\"cf7as_hdn_cpthaval2\" id=\"cf7as_hdn_cpthaval2\" type=\"hidden\" value=\"8\" \/><input name=\"cf7as_hdn_cpthaaction\" id=\"cf7as_hdn_cpthaaction\" type=\"hidden\" value=\"+\" \/>SEGURANCA, FA\u00c7A O C\u00c1LCULO MATEM\u00c1TICO <span class=\"cf7as-firstAct\">8<\/span> +<span class=\"cf7as-firstAct\"> 7<\/span> <br><span class=\"wpcf7-form-control-wrap cf7as-captchcode\" data-name=\"cf7as-captchcode\"> <input type=\"text\" aria-invalid=\"false\" aria-required=\"true\" class=\"wpcf7-form-control wpcf7-text wpcf7-validates-as-required\" size=\"5\" value=\"\" name=\"cf7as-captchcode\" placeholder=\"Type your answer\" style=\"width:200px;margin-bottom:10px;\" oninput=\"this.value = this.value.replace(\/[^0-9.]\/g, '').replace(\/(\\..*)\\.\/g, '$1');\"><\/span><input type=\"hidden\" name=\"cf7as-zplus\" value=\"\"><\/p><input type=\"hidden\" id=\"cf7as_captcha_nonce\" name=\"cf7as_captcha_nonce\" value=\"8ef0d36e8b\" \/><input type=\"hidden\" name=\"_wp_http_referer\" value=\"\/site\/wp-json\/wp\/v2\/pages\/76\" \/><br \/>\n<input class=\"wpcf7-form-control wpcf7-submit has-spinner\" type=\"submit\" value=\"Enviar\" \/>\n<\/p><div class=\"wpcf7-response-output\" aria-hidden=\"true\"><\/div>\n<\/form>\n<\/div>\n<\/h4>\n<p class=\"column-text\">\n<\/div>\n<\/div>\n","protected":false},"excerpt":{"rendered":"<p>Entre em contato conosco atrav\u00e9s do formul\u00e1rio. Digite tamb\u00e9m suas d\u00favidas, cr\u00edticas e sugest\u00f5es. Ser\u00e1 um prazer responder. Email: querodoar@tampamania.com.br Telefones: +55 62 8174.2322 (Ademir Silva) +55 62 3293.4644 (William Marc\u00f3rio) Se voc\u00ea conhece algu\u00e9m que precisa de nossa ajuda? Cadastre: FICHA DE CADASTRO SOCIAL<\/p>\n","protected":false},"author":1,"featured_media":0,"parent":0,"menu_order":5,"comment_status":"open","ping_status":"closed","template":"","meta":{"footnotes":""},"class_list":["post-76","page","type-page","status-publish","hentry"],"_links":{"self":[{"href":"https:\/\/tampamania.com.br\/site\/wp-json\/wp\/v2\/pages\/76","targetHints":{"allow":["GET"]}}],"collection":[{"href":"https:\/\/tampamania.com.br\/site\/wp-json\/wp\/v2\/pages"}],"about":[{"href":"https:\/\/tampamania.com.br\/site\/wp-json\/wp\/v2\/types\/page"}],"author":[{"embeddable":true,"href":"https:\/\/tampamania.com.br\/site\/wp-json\/wp\/v2\/users\/1"}],"replies":[{"embeddable":true,"href":"https:\/\/tampamania.com.br\/site\/wp-json\/wp\/v2\/comments?post=76"}],"version-history":[{"count":47,"href":"https:\/\/tampamania.com.br\/site\/wp-json\/wp\/v2\/pages\/76\/revisions"}],"predecessor-version":[{"id":1287,"href":"https:\/\/tampamania.com.br\/site\/wp-json\/wp\/v2\/pages\/76\/revisions\/1287"}],"wp:attachment":[{"href":"https:\/\/tampamania.com.br\/site\/wp-json\/wp\/v2\/media?parent=76"}],"curies":[{"name":"wp","href":"https:\/\/api.w.org\/{rel}","templated":true}]}}