{"id":694,"date":"2016-11-07T17:23:07","date_gmt":"2016-11-07T19:23:07","guid":{"rendered":"http:\/\/tampamania.com.br\/site\/?page_id=694"},"modified":"2023-03-23T11:37:15","modified_gmt":"2023-03-23T14:37:15","slug":"download","status":"publish","type":"page","link":"https:\/\/tampamania.com.br\/site\/download\/","title":{"rendered":"DOWNLOAD"},"content":{"rendered":"<p>Baixe a arte do nosso cartaz e cole no seu estabelecimento. Voc\u00ea tamb\u00e9m pode colocar a <strong>SUA LOGO<\/strong> nessa arte, para isso baixe a vers\u00e3o edit\u00e1vel do nosso cartaz! Assim voc\u00ea se torna um <strong>Posto de Coleta<\/strong> na sua regi\u00e3o. Seja parceiro dessa campanha socio-ambiental, ajudando quem precisa! Uma tampinha faz toda a diferen\u00e7a!<\/p>\n<h3><strong>IMPORTANTE: N\u00c3O REMOVA NENHUMA INFORMA\u00c7\u00c3O CONTIDA NO CARTAZ. OBRIGADO!!<\/strong><\/h3>\n<div class=\"half\">\n<h3>Vers\u00e3o em PDF<\/h3>\n<p><img loading=\"lazy\" decoding=\"async\" class=\"alignnone wp-image-1207 size-full\" src=\"https:\/\/tampamania.com.br\/site\/wp-content\/uploads\/2019\/09\/icon-pdf.jpg\" alt=\"\" width=\"350\" height=\"486\" srcset=\"https:\/\/tampamania.com.br\/site\/wp-content\/uploads\/2019\/09\/icon-pdf.jpg 350w, https:\/\/tampamania.com.br\/site\/wp-content\/uploads\/2019\/09\/icon-pdf-216x300.jpg 216w\" sizes=\"auto, (max-width: 350px) 100vw, 350px\" \/><\/p>\n<p><a class=\"btn\" href=\"https:\/\/tampamania.com.br\/site\/wp-content\/uploads\/2019\/09\/cartaz-2019.pdf\" target=\"_blank\" rel=\"noopener noreferrer\">VERS\u00c3O PDF &#8211; CLIQUE PARA BAIXAR<\/a><\/p>\n<\/div>\n<div class=\"half last\">\n<h3>Vers\u00e3o em CDR (Edit\u00e1vel)<\/h3>\n<p><img loading=\"lazy\" decoding=\"async\" class=\"alignnone size-full wp-image-1206\" src=\"https:\/\/tampamania.com.br\/site\/wp-content\/uploads\/2019\/09\/icon-cdr.jpg\" alt=\"\" width=\"350\" height=\"486\" srcset=\"https:\/\/tampamania.com.br\/site\/wp-content\/uploads\/2019\/09\/icon-cdr.jpg 350w, https:\/\/tampamania.com.br\/site\/wp-content\/uploads\/2019\/09\/icon-cdr-216x300.jpg 216w\" sizes=\"auto, (max-width: 350px) 100vw, 350px\" \/><\/p>\n<p><a class=\"btn\" href=\"https:\/\/tampamania.com.br\/site\/wp-content\/uploads\/2023\/03\/cartaz_tampamania_2019_v15.zip\" rel=\"noopener noreferrer\">VERS\u00c3O CDR &#8211; CLIQUE PARA BAIXAR<\/a><\/p>\n<\/div>\n<h3><strong>IMPORTANTE: N\u00c3O REMOVA NENHUMA INFORMA\u00c7\u00c3O CONTIDA NO CARTAZ. OBRIGADO!!<\/strong><\/h3>\n","protected":false},"excerpt":{"rendered":"<p>Baixe a arte do nosso cartaz e cole no seu estabelecimento. Voc\u00ea tamb\u00e9m pode colocar a SUA LOGO nessa arte, para isso baixe a vers\u00e3o edit\u00e1vel do nosso cartaz! Assim voc\u00ea se torna um Posto de Coleta na sua regi\u00e3o. Seja parceiro dessa campanha socio-ambiental, ajudando quem precisa! Uma tampinha faz toda a diferen\u00e7a! IMPORTANTE: [&hellip;]<\/p>\n","protected":false},"author":1,"featured_media":0,"parent":0,"menu_order":0,"comment_status":"closed","ping_status":"closed","template":"","meta":{"footnotes":""},"class_list":["post-694","page","type-page","status-publish","hentry"],"_links":{"self":[{"href":"https:\/\/tampamania.com.br\/site\/wp-json\/wp\/v2\/pages\/694","targetHints":{"allow":["GET"]}}],"collection":[{"href":"https:\/\/tampamania.com.br\/site\/wp-json\/wp\/v2\/pages"}],"about":[{"href":"https:\/\/tampamania.com.br\/site\/wp-json\/wp\/v2\/types\/page"}],"author":[{"embeddable":true,"href":"https:\/\/tampamania.com.br\/site\/wp-json\/wp\/v2\/users\/1"}],"replies":[{"embeddable":true,"href":"https:\/\/tampamania.com.br\/site\/wp-json\/wp\/v2\/comments?post=694"}],"version-history":[{"count":20,"href":"https:\/\/tampamania.com.br\/site\/wp-json\/wp\/v2\/pages\/694\/revisions"}],"predecessor-version":[{"id":1269,"href":"https:\/\/tampamania.com.br\/site\/wp-json\/wp\/v2\/pages\/694\/revisions\/1269"}],"wp:attachment":[{"href":"https:\/\/tampamania.com.br\/site\/wp-json\/wp\/v2\/media?parent=694"}],"curies":[{"name":"wp","href":"https:\/\/api.w.org\/{rel}","templated":true}]}}