{"id":502,"date":"2015-05-07T19:11:16","date_gmt":"2015-05-07T22:11:16","guid":{"rendered":"http:\/\/tampamania.com.br\/site\/?page_id=502"},"modified":"2024-07-01T19:15:51","modified_gmt":"2024-07-01T22:15:51","slug":"ficha-de-cadastro-social","status":"publish","type":"page","link":"https:\/\/tampamania.com.br\/site\/ficha-de-cadastro-social\/","title":{"rendered":"FICHA DE CADASTRO SOCIAL"},"content":{"rendered":"\n\n<div class=\"wpcf7 no-js\" id=\"wpcf7-f1283-o1\" lang=\"pt-BR\" dir=\"ltr\" data-wpcf7-id=\"1283\">\n<div class=\"screen-reader-response\"><p role=\"status\" aria-live=\"polite\" aria-atomic=\"true\"><\/p> <ul><\/ul><\/div>\n<form action=\"\/site\/wp-json\/wp\/v2\/pages\/502#wpcf7-f1283-o1\" method=\"post\" class=\"wpcf7-form init\" aria-label=\"Formul\u00e1rios de contato\" novalidate=\"novalidate\" data-status=\"init\">\n<fieldset class=\"hidden-fields-container\"><input type=\"hidden\" name=\"_wpcf7\" value=\"1283\" \/><input type=\"hidden\" name=\"_wpcf7_version\" value=\"6.1.5\" \/><input type=\"hidden\" name=\"_wpcf7_locale\" value=\"pt_BR\" \/><input type=\"hidden\" name=\"_wpcf7_unit_tag\" value=\"wpcf7-f1283-o1\" \/><input type=\"hidden\" name=\"_wpcf7_container_post\" value=\"0\" \/><input type=\"hidden\" name=\"_wpcf7_posted_data_hash\" value=\"\" \/>\n<\/fieldset>\n<h3>1. IDENTIFICA\u00c7\u00c3O\n<\/h3>\n<p><span class=\"wpcf7-form-control-wrap\" data-name=\"nome\"><input size=\"40\" maxlength=\"400\" class=\"wpcf7-form-control wpcf7-text wpcf7-validates-as-required\" aria-required=\"true\" aria-invalid=\"false\" placeholder=\"Seu nome completo\" value=\"\" type=\"text\" name=\"nome\" \/><\/span><span class=\"wpcf7-form-control-wrap\" data-name=\"email\"><input size=\"40\" maxlength=\"400\" class=\"wpcf7-form-control wpcf7-email wpcf7-validates-as-required wpcf7-text wpcf7-validates-as-email\" aria-required=\"true\" aria-invalid=\"false\" placeholder=\"Email\" value=\"\" type=\"email\" name=\"email\" \/><\/span><span class=\"wpcf7-form-control-wrap\" data-name=\"telefone\"><input size=\"40\" maxlength=\"400\" class=\"wpcf7-form-control wpcf7-text wpcf7-validates-as-required\" aria-required=\"true\" aria-invalid=\"false\" placeholder=\"Telefone\" value=\"\" type=\"text\" name=\"telefone\" \/><\/span><span class=\"wpcf7-form-control-wrap\" data-name=\"nasce\"><input size=\"40\" maxlength=\"400\" class=\"wpcf7-form-control wpcf7-text wpcf7-validates-as-required\" aria-required=\"true\" aria-invalid=\"false\" placeholder=\"Nascimento\" value=\"\" type=\"text\" name=\"nasce\" \/><\/span>\n<\/p>\n<div class=\"clearfix\">\n\t<div id=\"left\">\n\t\t<p><span class=\"wpcf7-form-control-wrap\" data-name=\"pai\"><input size=\"40\" maxlength=\"400\" class=\"wpcf7-form-control wpcf7-text wpcf7-validates-as-required\" aria-required=\"true\" aria-invalid=\"false\" placeholder=\"Nome do Pai\" value=\"\" type=\"text\" name=\"pai\" \/><\/span>\n\t\t<\/p>\n\t<\/div>\n\t<div id=\"right\">\n\t\t<p><span class=\"wpcf7-form-control-wrap\" data-name=\"mae\"><input size=\"40\" maxlength=\"400\" class=\"wpcf7-form-control wpcf7-text wpcf7-validates-as-required\" aria-required=\"true\" aria-invalid=\"false\" placeholder=\"Nome da M\u00e3e\" value=\"\" type=\"text\" name=\"mae\" \/><\/span>\n\t\t<\/p>\n\t<\/div>\n<\/div>\n<div class=\"clearfix\">\n\t<div id=\"left\">\n\t\t<p><span class=\"wpcf7-form-control-wrap\" data-name=\"endereco\"><input size=\"40\" maxlength=\"400\" class=\"wpcf7-form-control wpcf7-text wpcf7-validates-as-required\" aria-required=\"true\" aria-invalid=\"false\" placeholder=\"Endere\u00e7o\" value=\"\" type=\"text\" name=\"endereco\" \/><\/span><span class=\"wpcf7-form-control-wrap\" data-name=\"bairro\"><input size=\"40\" maxlength=\"400\" class=\"wpcf7-form-control wpcf7-text wpcf7-validates-as-required\" aria-required=\"true\" aria-invalid=\"false\" placeholder=\"Bairro\" value=\"\" type=\"text\" name=\"bairro\" \/><\/span><span class=\"wpcf7-form-control-wrap\" data-name=\"cidade\"><input size=\"40\" maxlength=\"400\" class=\"wpcf7-form-control wpcf7-text wpcf7-validates-as-required\" aria-required=\"true\" aria-invalid=\"false\" placeholder=\"Cidade\" value=\"\" type=\"text\" name=\"cidade\" \/><\/span>\n\t\t<\/p>\n\t<\/div>\n\t<div id=\"right\">\n\t\t<p><span class=\"wpcf7-form-control-wrap\" data-name=\"complemento\"><input size=\"40\" maxlength=\"400\" class=\"wpcf7-form-control wpcf7-text wpcf7-validates-as-required\" aria-required=\"true\" aria-invalid=\"false\" placeholder=\"Complemento\" value=\"\" type=\"text\" name=\"complemento\" \/><\/span><span class=\"wpcf7-form-control-wrap\" data-name=\"cep\"><input size=\"40\" maxlength=\"400\" class=\"wpcf7-form-control wpcf7-text wpcf7-validates-as-required\" aria-required=\"true\" aria-invalid=\"false\" placeholder=\"CEP\" value=\"\" type=\"text\" name=\"cep\" \/><\/span><span class=\"wpcf7-form-control-wrap\" data-name=\"estado\"><input size=\"40\" maxlength=\"400\" class=\"wpcf7-form-control wpcf7-text wpcf7-validates-as-required\" aria-required=\"true\" aria-invalid=\"false\" placeholder=\"Estado\" value=\"\" type=\"text\" name=\"estado\" \/><\/span>\n\t\t<\/p>\n\t<\/div>\n<\/div>\n<h3>2. SITUA\u00c7\u00c3O S\u00d3CIO-ECON\u00d4MICA\n<\/h3>\n<p><span class=\"wpcf7-form-control-wrap\" data-name=\"escola\"><input size=\"40\" maxlength=\"400\" class=\"wpcf7-form-control wpcf7-text wpcf7-validates-as-required\" aria-required=\"true\" aria-invalid=\"false\" placeholder=\"Escolaridade\" value=\"\" type=\"text\" name=\"escola\" \/><\/span><span class=\"wpcf7-form-control-wrap\" data-name=\"prof\"><input size=\"40\" maxlength=\"400\" class=\"wpcf7-form-control wpcf7-text wpcf7-validates-as-required\" aria-required=\"true\" aria-invalid=\"false\" placeholder=\"Profiss\u00e3o\" value=\"\" type=\"text\" name=\"prof\" \/><\/span><span class=\"wpcf7-form-control-wrap\" data-name=\"ocupa\"><input size=\"40\" maxlength=\"400\" class=\"wpcf7-form-control wpcf7-text wpcf7-validates-as-required\" aria-required=\"true\" aria-invalid=\"false\" placeholder=\"Ocupa\u00e7\u00e3o Atual\" value=\"\" type=\"text\" name=\"ocupa\" \/><\/span><span class=\"wpcf7-form-control-wrap\" data-name=\"renda\"><input size=\"40\" maxlength=\"400\" class=\"wpcf7-form-control wpcf7-text wpcf7-validates-as-required\" aria-required=\"true\" aria-invalid=\"false\" placeholder=\"Renda Familiar R$\" value=\"\" type=\"text\" name=\"renda\" \/><\/span>\n<\/p>\n<h3>3. SITUA\u00c7\u00c3O DE HABITACIONAL E MORADIA\n<\/h3>\n<p><span class=\"wpcf7-form-control-wrap\" data-name=\"aluguel\"><select class=\"wpcf7-form-control wpcf7-select\" aria-invalid=\"false\" name=\"aluguel\"><option value=\"\">Moradia?<\/option><option value=\"Alugada\">Alugada<\/option><option value=\"Pr\u00f3pria\">Pr\u00f3pria<\/option><option value=\"Cedida\">Cedida<\/option><option value=\"Invas\u00e3o\">Invas\u00e3o<\/option><option value=\"Desabrigada\">Desabrigada<\/option><option value=\"Agregada\">Agregada<\/option><\/select><\/span>\n<\/p>\n<div class=\"clearfix\">\n\t<div id=\"left\">\n\t\t<p><span class=\"wpcf7-form-control-wrap\" data-name=\"aluguel\"><input size=\"40\" maxlength=\"400\" class=\"wpcf7-form-control wpcf7-text wpcf7-validates-as-required\" aria-required=\"true\" aria-invalid=\"false\" placeholder=\"Se aluguel, valor?\" value=\"\" type=\"text\" name=\"aluguel\" \/><\/span>\n\t\t<\/p>\n\t<\/div>\n\t<div id=\"right\">\n\t\t<p><span class=\"wpcf7-form-control-wrap\" data-name=\"comodos\"><input size=\"40\" maxlength=\"400\" class=\"wpcf7-form-control wpcf7-text wpcf7-validates-as-required\" aria-required=\"true\" aria-invalid=\"false\" placeholder=\"Quantidade de C\u00f4modos\" value=\"\" type=\"text\" name=\"comodos\" \/><\/span>\n\t\t<\/p>\n\t<\/div>\n<\/div>\n<p><span class=\"wpcf7-form-control-wrap\" data-name=\"construcao\"><select class=\"wpcf7-form-control wpcf7-select wpcf7-validates-as-required menu\" aria-required=\"true\" aria-invalid=\"false\" name=\"construcao\"><option value=\"\">Tipo de Constru\u00e7\u00e3o?<\/option><option value=\"Alvenaria\">Alvenaria<\/option><option value=\"Madeira\">Madeira<\/option><option value=\"Outros\">Outros<\/option><\/select><\/span>\n<\/p>\n<h4>Condi\u00e7\u00f5es de Habitalidade\n<\/h4>\n<p>Marque uma ou mais op\u00e7\u00f5es caso a sua resposta seja NEGATIVA!<br \/>\n<span class=\"wpcf7-form-control-wrap\" data-name=\"habitalidade\"><span class=\"wpcf7-form-control wpcf7-checkbox wpcf7-validates-as-required\"><span class=\"wpcf7-list-item first\"><label><input type=\"checkbox\" name=\"habitalidade[]\" value=\"\u00c1gua encanada\" \/><span class=\"wpcf7-list-item-label\">\u00c1gua encanada<\/span><\/label><\/span><span class=\"wpcf7-list-item\"><label><input type=\"checkbox\" name=\"habitalidade[]\" value=\"Instala\u00e7\u00e3o Sanit\u00e1ria\" \/><span class=\"wpcf7-list-item-label\">Instala\u00e7\u00e3o Sanit\u00e1ria<\/span><\/label><\/span><span class=\"wpcf7-list-item\"><label><input type=\"checkbox\" name=\"habitalidade[]\" value=\"Esgoto\" \/><span class=\"wpcf7-list-item-label\">Esgoto<\/span><\/label><\/span><span class=\"wpcf7-list-item\"><label><input type=\"checkbox\" name=\"habitalidade[]\" value=\"Coleta de Lixo\" \/><span class=\"wpcf7-list-item-label\">Coleta de Lixo<\/span><\/label><\/span><span class=\"wpcf7-list-item\"><label><input type=\"checkbox\" name=\"habitalidade[]\" value=\"Luz El\u00e9trica\" \/><span class=\"wpcf7-list-item-label\">Luz El\u00e9trica<\/span><\/label><\/span><span class=\"wpcf7-list-item last\"><label><input type=\"checkbox\" name=\"habitalidade[]\" value=\"Asfalto\" \/><span class=\"wpcf7-list-item-label\">Asfalto<\/span><\/label><\/span><\/span><\/span>\n<\/p>\n<div class=\"clearfix\">\n\t<div id=\"left\">\n\t\t<p><span class=\"wpcf7-form-control-wrap\" data-name=\"governo\"><select class=\"wpcf7-form-control wpcf7-select wpcf7-validates-as-required menu\" aria-required=\"true\" aria-invalid=\"false\" name=\"governo\"><option value=\"\">Programas de Governo?<\/option><option value=\"SIM\">SIM<\/option><option value=\"N\u00c3O\">N\u00c3O<\/option><\/select><\/span>\n\t\t<\/p>\n\t<\/div>\n\t<div id=\"right\">\n\t\t<p><span class=\"wpcf7-form-control-wrap\" data-name=\"renda\"><input size=\"40\" maxlength=\"400\" class=\"wpcf7-form-control wpcf7-text\" aria-invalid=\"false\" placeholder=\"Se sim, qual Programa de Governo?\" value=\"\" type=\"text\" name=\"renda\" \/><\/span>\n\t\t<\/p>\n\t<\/div>\n<\/div>\n<div class=\"clearfix\">\n\t<div id=\"left\">\n\t\t<p><span class=\"wpcf7-form-control-wrap\" data-name=\"deficiente\"><select class=\"wpcf7-form-control wpcf7-select wpcf7-validates-as-required menu\" aria-required=\"true\" aria-invalid=\"false\" name=\"deficiente\"><option value=\"\">Portador de necessidades especiais na familia?<\/option><option value=\"SIM\">SIM<\/option><option value=\"N\u00c3O\">N\u00c3O<\/option><\/select><\/span>\n\t\t<\/p>\n\t<\/div>\n\t<div id=\"right\">\n\t\t<p><span class=\"wpcf7-form-control-wrap\" data-name=\"parente\"><input size=\"40\" maxlength=\"400\" class=\"wpcf7-form-control wpcf7-text\" aria-invalid=\"false\" placeholder=\"Se sim, \u00e9 parente? Qual o grau de Parentesco?\" value=\"\" type=\"text\" name=\"parente\" \/><\/span>\n\t\t<\/p>\n\t<\/div>\n<\/div>\n<p><span class=\"wpcf7-form-control-wrap\" data-name=\"deficiente\"><input size=\"40\" maxlength=\"400\" class=\"wpcf7-form-control wpcf7-text\" aria-invalid=\"false\" placeholder=\"Se sim, qual tipo de defici\u00eancia?\" value=\"\" type=\"text\" name=\"deficiente\" \/><\/span>\n<\/p>\n<h3>4. SITUA\u00c7\u00c3O S\u00d3CIO-ECON\u00d4MICA DA FAM\u00cdLIA\n<\/h3>\n<div class=\"clearfix\">\n\t<div id=\"left\">\n\t\t<p><span class=\"wpcf7-form-control-wrap\" data-name=\"nome1\"><input size=\"40\" maxlength=\"400\" class=\"wpcf7-form-control wpcf7-text\" aria-invalid=\"false\" placeholder=\"Nome 1\" value=\"\" type=\"text\" name=\"nome1\" \/><\/span><br \/>\n<span class=\"wpcf7-form-control-wrap\" data-name=\"parente1\"><input size=\"40\" maxlength=\"400\" class=\"wpcf7-form-control wpcf7-text\" aria-invalid=\"false\" placeholder=\"Parentesco\" value=\"\" type=\"text\" name=\"parente1\" \/><\/span>\n\t\t<\/p>\n\t<\/div>\n\t<div id=\"right\">\n\t\t<p><span class=\"wpcf7-form-control-wrap\" data-name=\"idade1\"><input size=\"40\" maxlength=\"400\" class=\"wpcf7-form-control wpcf7-text\" aria-invalid=\"false\" placeholder=\"Idade\" value=\"\" type=\"text\" name=\"idade1\" \/><\/span><br \/>\n<span class=\"wpcf7-form-control-wrap\" data-name=\"salario1\"><input size=\"40\" maxlength=\"400\" class=\"wpcf7-form-control wpcf7-text\" aria-invalid=\"false\" placeholder=\"Sal\u00e1rio?\" value=\"\" type=\"text\" name=\"salario1\" \/><\/span>\n\t\t<\/p>\n\t<\/div>\n<\/div>\n<div class=\"clearfix\">\n\t<div id=\"left\">\n\t\t<p><span class=\"wpcf7-form-control-wrap\" data-name=\"nome2\"><input size=\"40\" maxlength=\"400\" class=\"wpcf7-form-control wpcf7-text\" aria-invalid=\"false\" placeholder=\"Nome 2\" value=\"\" type=\"text\" name=\"nome2\" \/><\/span><br \/>\n<span class=\"wpcf7-form-control-wrap\" data-name=\"parente2\"><input size=\"40\" maxlength=\"400\" class=\"wpcf7-form-control wpcf7-text\" aria-invalid=\"false\" placeholder=\"Parentesco\" value=\"\" type=\"text\" name=\"parente2\" \/><\/span>\n\t\t<\/p>\n\t<\/div>\n\t<div id=\"right\">\n\t\t<p><span class=\"wpcf7-form-control-wrap\" data-name=\"idade2\"><input size=\"40\" maxlength=\"400\" class=\"wpcf7-form-control wpcf7-text\" aria-invalid=\"false\" placeholder=\"Idade\" value=\"\" type=\"text\" name=\"idade2\" \/><\/span><br \/>\n<span class=\"wpcf7-form-control-wrap\" data-name=\"salario2\"><input size=\"40\" maxlength=\"400\" class=\"wpcf7-form-control wpcf7-text\" aria-invalid=\"false\" placeholder=\"Sal\u00e1rio?\" value=\"\" type=\"text\" name=\"salario2\" \/><\/span>\n\t\t<\/p>\n\t<\/div>\n<\/div>\n<p><input class=\"wpcf7-form-control wpcf7-submit has-spinner\" type=\"submit\" value=\"Enviar\" \/>\n<\/p><div class=\"wpcf7-response-output\" aria-hidden=\"true\"><\/div>\n<\/form>\n<\/div>\n\n","protected":false},"excerpt":{"rendered":"","protected":false},"author":1,"featured_media":0,"parent":0,"menu_order":0,"comment_status":"open","ping_status":"open","template":"","meta":{"footnotes":""},"class_list":["post-502","page","type-page","status-publish","hentry"],"_links":{"self":[{"href":"https:\/\/tampamania.com.br\/site\/wp-json\/wp\/v2\/pages\/502","targetHints":{"allow":["GET"]}}],"collection":[{"href":"https:\/\/tampamania.com.br\/site\/wp-json\/wp\/v2\/pages"}],"about":[{"href":"https:\/\/tampamania.com.br\/site\/wp-json\/wp\/v2\/types\/page"}],"author":[{"embeddable":true,"href":"https:\/\/tampamania.com.br\/site\/wp-json\/wp\/v2\/users\/1"}],"replies":[{"embeddable":true,"href":"https:\/\/tampamania.com.br\/site\/wp-json\/wp\/v2\/comments?post=502"}],"version-history":[{"count":10,"href":"https:\/\/tampamania.com.br\/site\/wp-json\/wp\/v2\/pages\/502\/revisions"}],"predecessor-version":[{"id":1291,"href":"https:\/\/tampamania.com.br\/site\/wp-json\/wp\/v2\/pages\/502\/revisions\/1291"}],"wp:attachment":[{"href":"https:\/\/tampamania.com.br\/site\/wp-json\/wp\/v2\/media?parent=502"}],"curies":[{"name":"wp","href":"https:\/\/api.w.org\/{rel}","templated":true}]}}