{"id":1145,"date":"2018-09-06T14:39:14","date_gmt":"2018-09-06T17:39:14","guid":{"rendered":"http:\/\/tampamania.com.br\/site\/?page_id=1145"},"modified":"2023-06-03T20:22:18","modified_gmt":"2023-06-03T23:22:18","slug":"postos-de-coleta","status":"publish","type":"page","link":"https:\/\/tampamania.com.br\/site\/postos-de-coleta\/","title":{"rendered":"POSTOS DE COLETA"},"content":{"rendered":"\r\n<h2>Veja os postos de coleta, separados por estado. Clique no seu estado e saiba mais<\/h2>\r\n<ul class=\"accordion\">\r\n<li><a class=\"accordion-btn\" href=\"#\">Distrito Federal<\/a>\r\n<div class=\"accordion-content\"><strong>Faculdade Senac &#8211; Bras\u00edlia<\/strong><br \/><a href=\"https:\/\/goo.gl\/maps\/TxJWE4PEQX72\" target=\"_blank\" rel=\"noopener noreferrer\">903 Sul Endere\u00e7o: SEUPS 703\/903, lote A. Asa Sul &#8211; DF<\/a><br \/><a href=\"tel:6132178821\">(61)3217-8821<\/a> \/<a href=\"tel:6132178833\"> (61)3217-8833<\/a><br \/><a class=\"btn xsmall-btn\" href=\"https:\/\/www.df.senac.br\/faculdade\" target=\"_blank\" rel=\"noopener noreferrer\">Visite o site<\/a><\/div>\r\n<div class=\"accordion-content\"><strong>Escola Salesiana Bras\u00edlia<\/strong><br \/><a href=\"https:\/\/goo.gl\/maps\/33RpZXSHttYj4ce6A\" target=\"_blank\" rel=\"noopener noreferrer\">SHIGS 702 BL A &#8211; Bras\u00edlia, DF, 70330-710<\/a><br \/><a href=\"tel:6132245315\"> (61)32245315<\/a><br \/><a class=\"btn xsmall-btn\" href=\"https:\/\/bsb.escolasalesiana.com.br\/\" target=\"_blank\" rel=\"noopener noreferrer\">Visite o site<\/a><\/div>\r\n<\/li>\r\n<li><a class=\"accordion-btn\" href=\"#\">Goi\u00e1s<\/a>\r\n<div class=\"accordion-content\"><strong>Associa\u00e7\u00e3o dos Idosos Jardim Meia Ponte &#8211; Goi\u00e2nia<\/strong><br \/><a href=\"https:\/\/goo.gl\/maps\/WZ7qp1yXG7YppnWi9\" target=\"_blank\" rel=\"noopener noreferrer\">R. Mil\u00e3o, S\/n &#8211; Jardim Balneario Meia Ponte<\/a><br \/><a href=\"tel:6232927685\">(62)3292-7685<\/a><br \/><a class=\"btn xsmall-btn\" href=\"https:\/\/www.instagram.com\/idososbalneario\/\" target=\"_blank\" rel=\"noopener noreferrer\">Visite o site<\/a><\/div>\r\n<div class=\"accordion-content\"><strong>Decora\u00e7\u00f5es Goi\u00e2nia &#8211; Goi\u00e2nia<\/strong><br \/><a href=\"https:\/\/goo.gl\/maps\/hfAcnTzQxR62\" target=\"_blank\" rel=\"noopener noreferrer\">Rua C-156, Qd.346 Lt. 21 &#8211; Jardim Am\u00e9rica<\/a><br \/><a href=\"tel:6239215594\">(62)3921-5594<\/a><br \/><a class=\"btn xsmall-btn\" href=\"http:\/\/www.decoracoesgoiania.com\/\" target=\"_blank\" rel=\"noopener noreferrer\">Visite o site<\/a><\/div>\r\n<div class=\"accordion-content\"><strong>Mark Couros &#8211; Goi\u00e2nia<\/strong><br \/><a href=\"https:\/\/goo.gl\/maps\/h3oWH1mEckr\" target=\"_blank\" rel=\"noopener noreferrer\">Rua 10 Unidade 101 LT 23 Parque Atheneu<\/a><br \/><a href=\"tel:6235495013\">(62)3549-5013<\/a><br \/><a class=\"btn xsmall-btn\" href=\"https:\/\/www.facebook.com\/markcourosbolsas\" target=\"_blank\" rel=\"noopener noreferrer\">Visite o site<\/a><\/div>\r\n<div class=\"accordion-content\"><strong>Cultivar Agr\u00edcola &#8211; Formosa<\/strong><br \/><a href=\"https:\/\/goo.gl\/maps\/iXD56fA6h75ezBhXA\" target=\"_blank\" rel=\"noopener noreferrer\">Av. Bras\u00edlia, 1710, Formosinha<\/a><br \/><a href=\"tel:6136421777\">(61)36421777<\/a><br \/><a class=\"btn xsmall-btn\" href=\"https:\/\/www.cultivarnet.com.br\/\" target=\"_blank\" rel=\"noopener noreferrer\">Visite o site<\/a><\/div>\r\n\r\n<div class=\"accordion-content\"><strong>Lavoro &#8211; Formosa<\/strong><br \/><a href=\"https:\/\/goo.gl\/maps\/MKJdV11JJjFQbxJ28\" target=\"_blank\" rel=\"noopener noreferrer\">Av Lagoa Feia, SN, qd 126, Lote 9, Formosinha<\/a><br \/><a href=\"tel:6136421995\">(61)3642-1995<\/a><br \/><a class=\"btn xsmall-btn\" href=\"https:\/\/www.lavoroagro.com\/unidade\/formosa\/\" target=\"_blank\" rel=\"noopener noreferrer\">Visite o site<\/a><\/div>\r\n\r\n<div class=\"accordion-content\"><strong>Duquima &#8211; Bom Jesus de Goi\u00e1s<\/strong><br \/><a href=\"https:\/\/goo.gl\/maps\/a7ZAJFodycw\" target=\"_blank\" rel=\"noopener noreferrer\">Rua 4, N28, Rosa Maria<\/a><br \/><a href=\"tel:6436081498\">(64)3608-1498<\/a><br \/><a class=\"btn xsmall-btn\" href=\"http:\/\/www.duquima.com.br\/\" target=\"_blank\" rel=\"noopener noreferrer\">Visite o site<\/a><\/div>\r\n<div class=\"accordion-content\"><strong>Duquima &#8211; Capin\u00f3polis<\/strong><br \/><a href=\"https:\/\/g.page\/duquimacapinopolis?share\" target=\"_blank\" rel=\"noopener noreferrer\">R. Cento e Quatro, 1370 &#8211; Vila Bras\u00edlia<\/a><br \/><a href=\"tel:3432631230\">(34)3263-1230<\/a><br \/><a class=\"btn xsmall-btn\" href=\"http:\/\/www.duquima.com.br\/\" target=\"_blank\" rel=\"noopener noreferrer\">Visite o site<\/a><\/div>\r\n<div class=\"accordion-content\"><strong>Duquima &#8211; Itumbiara<\/strong><br \/><a href=\"https:\/\/goo.gl\/maps\/dXAuSMuSfcP2\" target=\"_blank\" rel=\"noopener noreferrer\">Caio Barcelos Silveira, N306, Dom Velloso<\/a><br \/><a href=\"tel:6434324500\">(64)3432-4500<\/a><br \/><a class=\"btn xsmall-btn\" href=\"http:\/\/www.duquima.com.br\/\" target=\"_blank\" rel=\"noopener noreferrer\">Visite o site<\/a><\/div>\r\n<div class=\"accordion-content\"><strong>Duquima &#8211; Jovi\u00e2nia<\/strong><br \/><a href=\"https:\/\/goo.gl\/maps\/MQAv6YXnfYzTNBRMA\" target=\"_blank\" rel=\"noopener noreferrer\">Av. D\u00e3o Barbosa, 1595 &#8211; Cust\u00f3dio II<\/a><br \/><a href=\"tel:64981540003\">(64)98154-0003<\/a><br \/><a class=\"btn xsmall-btn\" href=\"http:\/\/www.duquima.com.br\/\" target=\"_blank\" rel=\"noopener noreferrer\">Visite o site<\/a><\/div>\r\n<div class=\"accordion-content\"><strong>Duquima &#8211; Morrinhos<\/strong><br \/><a href=\"https:\/\/goo.gl\/maps\/4uCei1N8uMS2\" target=\"_blank\" rel=\"noopener noreferrer\">Av. Cel. Fernando Barbosa, Qd. 1A Lt. 12 &#8211; Jardim Renascer<\/a><br \/><a href=\"tel:6434134500\">(64)3413-4500<\/a><br \/><a class=\"btn xsmall-btn\" href=\"http:\/\/www.duquima.com.br\/\" target=\"_blank\" rel=\"noopener noreferrer\">Visite o site<\/a><\/div>\r\n<div class=\"accordion-content\"><strong>Sementes Goi\u00e1s &#8211; Rio Verde<\/strong><br \/><a href=\"https:\/\/goo.gl\/maps\/FfG5rRhnKWF2\" target=\"_blank\" rel=\"noopener noreferrer\">Rodovia GO 174, Km 03 \u2013 Zona Rural<\/a><br \/><a href=\"tel:6436114500\">(64)3611-4500<\/a><br \/><a class=\"btn xsmall-btn\" href=\"http:\/\/www.sementesgoias.com.br\/\" target=\"_blank\" rel=\"noopener noreferrer\">Visite o site<\/a><\/div>\r\n<div class=\"accordion-content\"><strong>Sucesso no Campo &#8211; Jata\u00ed<\/strong><br \/><a href=\"https:\/\/goo.gl\/maps\/F9HFxNt5rnQn5FFS7\" target=\"_blank\" rel=\"noopener noreferrer\">R. Cinq\u00fcenta Oito, 401 &#8211; Primavera 2<\/a><br \/><a href=\"tel:6436321056\">(64)3632-1056<\/a><br \/><a class=\"btn xsmall-btn\" href=\"http:\/\/sucessonocampo.com.br\/\" target=\"_blank\" rel=\"noopener noreferrer\">Visite o site<\/a><\/div>\r\n<div class=\"accordion-content\"><strong>Precis\u00e3o Agr\u00edcola &#8211; Mineiros<\/strong><br \/><a href=\"https:\/\/goo.gl\/maps\/LZwFxKLoQNdudU9w9\" target=\"_blank\" rel=\"noopener noreferrer\"> Avenida Ino de Rezende, Qd. 01, LT. 01 Cohacol III<\/a><br \/><a href=\"tel:6436720099\">(64)36720099<\/a><br \/><a class=\"btn xsmall-btn\" href=\"https:\/\/www.instagram.com\/precisao_agricola\/\" target=\"_blank\" rel=\"noopener noreferrer\">Visite o site<\/a><\/div>\r\n<\/li>\r\n<\/ul>\r\n","protected":false},"excerpt":{"rendered":"<p>Veja os postos de coleta, separados por estado. Clique no seu estado e saiba mais Distrito Federal Faculdade Senac &#8211; Bras\u00edlia903 Sul Endere\u00e7o: SEUPS 703\/903, lote A. Asa Sul &#8211; DF(61)3217-8821 \/ (61)3217-8833Visite o site Escola Salesiana Bras\u00edliaSHIGS 702 BL A &#8211; Bras\u00edlia, DF, 70330-710 (61)32245315Visite o site Goi\u00e1s Associa\u00e7\u00e3o dos Idosos Jardim Meia Ponte [&hellip;]<\/p>\n","protected":false},"author":1,"featured_media":0,"parent":0,"menu_order":0,"comment_status":"closed","ping_status":"closed","template":"","meta":{"footnotes":""},"class_list":["post-1145","page","type-page","status-publish","hentry"],"_links":{"self":[{"href":"https:\/\/tampamania.com.br\/site\/wp-json\/wp\/v2\/pages\/1145","targetHints":{"allow":["GET"]}}],"collection":[{"href":"https:\/\/tampamania.com.br\/site\/wp-json\/wp\/v2\/pages"}],"about":[{"href":"https:\/\/tampamania.com.br\/site\/wp-json\/wp\/v2\/types\/page"}],"author":[{"embeddable":true,"href":"https:\/\/tampamania.com.br\/site\/wp-json\/wp\/v2\/users\/1"}],"replies":[{"embeddable":true,"href":"https:\/\/tampamania.com.br\/site\/wp-json\/wp\/v2\/comments?post=1145"}],"version-history":[{"count":22,"href":"https:\/\/tampamania.com.br\/site\/wp-json\/wp\/v2\/pages\/1145\/revisions"}],"predecessor-version":[{"id":1276,"href":"https:\/\/tampamania.com.br\/site\/wp-json\/wp\/v2\/pages\/1145\/revisions\/1276"}],"wp:attachment":[{"href":"https:\/\/tampamania.com.br\/site\/wp-json\/wp\/v2\/media?parent=1145"}],"curies":[{"name":"wp","href":"https:\/\/api.w.org\/{rel}","templated":true}]}}